{"id":2771,"date":"2012-05-19T18:56:13","date_gmt":"2012-05-19T16:56:13","guid":{"rendered":"http:\/\/servis-plus.hr\/v2\/?page_id=2771"},"modified":"2019-12-17T18:59:11","modified_gmt":"2019-12-17T16:59:11","slug":"o-nama-2","status":"publish","type":"page","link":"http:\/\/www.servis-plus.hr\/v2\/?page_id=2771","title":{"rendered":"O nama"},"content":{"rendered":"<table style=\"background-color: #ffffff;\" border=\"0\" width=\"500\" cellspacing=\"0\" cellpadding=\"0\">\n<tbody>\n<tr>\n<td style=\"border: none;\" align=\"center\" width=\"50%\"><a href=\"http:\/\/servis-plus.hr\/v2\/wp-content\/uploads\/2012\/05\/servislmala.jpg\"><img loading=\"lazy\" decoding=\"async\" class=\"alignnone  wp-image-3018\" title=\"servislmala\" src=\"http:\/\/servis-plus.hr\/v2\/wp-content\/uploads\/2012\/05\/servislmala.jpg\" alt=\"\" width=\"270\" height=\"201\" \/><\/a><\/td>\n<td style=\"border: none;\" align=\"center\" width=\"50%\"><a href=\"http:\/\/servis-plus.hr\/v2\/wp-content\/uploads\/2012\/05\/servisdmala.jpg\"><img loading=\"lazy\" decoding=\"async\" class=\"alignnone  wp-image-3017\" title=\"servisdmala\" src=\"http:\/\/servis-plus.hr\/v2\/wp-content\/uploads\/2012\/05\/servisdmala.jpg\" alt=\"\" width=\"270\" height=\"201\" \/><\/a><\/td>\n<\/tr>\n<\/tbody>\n<\/table>\n<div><\/div>\n<p>Tvrtka Servis plus osnovana je 1990. godine. Od samog osnutka postavljeni su temelji poslovne filozofije, od kojih do danas nismo odstupili: osiguravanje vrhunske usluge u odr\u017eavanju i prodaji uredskih strojeva, registar blagajni, ra\u010dunala, ra\u010dunalnih mre\u017ea i telefonije. Nudimo sve potro\u0161ne materijale za navedene strojeve: orginalne i zamjenske tonere, tinte, ribone, filmove itd.<\/p>\n<p>Klijenti i njihovi zahtjevi pokreta\u010dka su snaga tvrtke. Godine iskustva na podru\u010dju telekomunikacijske tehnologije omogu\u0107ile su nam da shvatimo kako je jedini model za uspje\u0161an rad spajanje znanja i potreba. Tvrtka Servis plus nudi Vam znanje, a Va\u0161e specifi\u010dne potrebe odre\u0111uju ciljeve. \u017divimo u vremenu u kojem klju\u010dnu ulogu igra komunikacija, pri \u010demu nam upravo telekomunikacijska oprema omogu\u0107ava brz pristup informacijama i njihov nesmatani protok. \u017delite li sigurnu i kvalitetnu komunikaciju s poslovnim okru\u017eenjem? \u017delite li za sebe vrhunsku telekomunikacijsku opremu? Trebate li savjet? Obratite nam se s povjerenjem.<\/p>\n<p>Adresa: HR-33411 Gradina &#8211; Virovitica, Hrvatskog sabora 12<br \/>\nTelefon\/fax: 033\/784-157<br \/>\nMobitel: 098\/343-323<br \/>\nE-mail: servis @ servis-plus.hr<br \/>\nOIB:\u00a083937751042<\/p>\n<table style=\"background-color: #ffffff;\" border=\"0\" width=\"500\" cellspacing=\"0\" cellpadding=\"0\">\n<tbody>\n<tr>\n<td style=\"border: none;\" align=\"center\" width=\"50%\"><a href=\"http:\/\/servis-plus.hr\/v2\/wp-content\/uploads\/2012\/05\/caddy.jpg\"><img loading=\"lazy\" decoding=\"async\" class=\"alignnone  wp-image-3020\" title=\"caddy\" src=\"http:\/\/servis-plus.hr\/v2\/wp-content\/uploads\/2012\/05\/caddy-300x161.jpg\" alt=\"\" width=\"360\" height=\"193\" srcset=\"http:\/\/www.servis-plus.hr\/v2\/wp-content\/uploads\/2012\/05\/caddy-300x161.jpg 300w, http:\/\/www.servis-plus.hr\/v2\/wp-content\/uploads\/2012\/05\/caddy.jpg 350w\" sizes=\"(max-width: 360px) 100vw, 360px\" \/><\/a><\/td>\n<\/tr>\n<\/tbody>\n<\/table>\n","protected":false},"excerpt":{"rendered":"<p>Tvrtka Servis plus osnovana je 1990. godine. Od samog osnutka postavljeni su temelji poslovne filozofije, od kojih do danas nismo odstupili: osiguravanje vrhunske usluge u odr\u017eavanju i prodaji uredskih strojeva, registar blagajni, ra\u010dunala, ra\u010dunalnih mre\u017ea i telefonije. Nudimo sve potro\u0161ne materijale za navedene strojeve: orginalne i zamjenske tonere, tinte, ribone, filmove itd. Klijenti i njihovi [&hellip;]<\/p>\n","protected":false},"author":1,"featured_media":0,"parent":0,"menu_order":1,"comment_status":"open","ping_status":"open","template":"","meta":{"footnotes":"","_links_to":"","_links_to_target":""},"_links":{"self":[{"href":"http:\/\/www.servis-plus.hr\/v2\/index.php?rest_route=\/wp\/v2\/pages\/2771"}],"collection":[{"href":"http:\/\/www.servis-plus.hr\/v2\/index.php?rest_route=\/wp\/v2\/pages"}],"about":[{"href":"http:\/\/www.servis-plus.hr\/v2\/index.php?rest_route=\/wp\/v2\/types\/page"}],"author":[{"embeddable":true,"href":"http:\/\/www.servis-plus.hr\/v2\/index.php?rest_route=\/wp\/v2\/users\/1"}],"replies":[{"embeddable":true,"href":"http:\/\/www.servis-plus.hr\/v2\/index.php?rest_route=%2Fwp%2Fv2%2Fcomments&post=2771"}],"version-history":[{"count":19,"href":"http:\/\/www.servis-plus.hr\/v2\/index.php?rest_route=\/wp\/v2\/pages\/2771\/revisions"}],"predecessor-version":[{"id":3316,"href":"http:\/\/www.servis-plus.hr\/v2\/index.php?rest_route=\/wp\/v2\/pages\/2771\/revisions\/3316"}],"wp:attachment":[{"href":"http:\/\/www.servis-plus.hr\/v2\/index.php?rest_route=%2Fwp%2Fv2%2Fmedia&parent=2771"}],"curies":[{"name":"wp","href":"https:\/\/api.w.org\/{rel}","templated":true}]}}