{"id":2940,"date":"2012-07-18T12:12:14","date_gmt":"2012-07-18T10:12:14","guid":{"rendered":"http:\/\/servis-plus.hr\/v2\/?page_id=2940"},"modified":"2012-10-26T16:47:54","modified_gmt":"2012-10-26T14:47:54","slug":"eco","status":"publish","type":"page","link":"http:\/\/www.servis-plus.hr\/v2\/?page_id=2940","title":{"rendered":"Eco"},"content":{"rendered":"<table style=\"background-color: #ffffff;\" width=\"500\" border=\"0\" cellspacing=\"0\" cellpadding=\"0\">\n<tbody>\n<tr>\n<td style=\"border: none;\" align=\"center\" width=\"50%\"><img loading=\"lazy\" decoding=\"async\" class=\"alignnone size-full wp-image-3011\" title=\"3628845681_0a1dd1fe69\" src=\"http:\/\/servis-plus.hr\/v2\/wp-content\/uploads\/2012\/07\/3628845681_0a1dd1fe69.jpg\" alt=\"\" width=\"215\" height=\"215\" srcset=\"http:\/\/www.servis-plus.hr\/v2\/wp-content\/uploads\/2012\/07\/3628845681_0a1dd1fe69.jpg 215w, http:\/\/www.servis-plus.hr\/v2\/wp-content\/uploads\/2012\/07\/3628845681_0a1dd1fe69-150x150.jpg 150w\" sizes=\"(max-width: 215px) 100vw, 215px\" \/><\/td>\n<td style=\"border: none;\" align=\"center\" width=\"50%\"><img loading=\"lazy\" decoding=\"async\" class=\"alignnone size-full wp-image-3012\" title=\"images\" src=\"http:\/\/servis-plus.hr\/v2\/wp-content\/uploads\/2012\/07\/images1.jpg\" alt=\"\" width=\"215\" height=\"215\" srcset=\"http:\/\/www.servis-plus.hr\/v2\/wp-content\/uploads\/2012\/07\/images1.jpg 215w, http:\/\/www.servis-plus.hr\/v2\/wp-content\/uploads\/2012\/07\/images1-150x150.jpg 150w\" sizes=\"(max-width: 215px) 100vw, 215px\" \/><\/td>\n<\/tr>\n<\/tbody>\n<\/table>\n<p>&nbsp;<\/p>\n<p>Iako zbrinjavanje potro\u0161nog materijala za pisa\u010de jo\u0161 uvijek nije zakonski obvezatno, Servis plus je, odlu\u010dio i na ovaj na\u010din <a id=\"xClaimOglasId-25477-3\" target=\"_blank\">sudjelovati<\/a> u za\u0161titi okoli\u0161a. Zbrinjavanje i recikla\u017ea otpada odvija se izvan Hrvatske.<\/p>\n","protected":false},"excerpt":{"rendered":"<p>&nbsp; Iako zbrinjavanje potro\u0161nog materijala za pisa\u010de jo\u0161 uvijek nije zakonski obvezatno, Servis plus je, odlu\u010dio i na ovaj na\u010din sudjelovati u za\u0161titi okoli\u0161a. Zbrinjavanje i recikla\u017ea otpada odvija se izvan Hrvatske.<\/p>\n","protected":false},"author":1,"featured_media":0,"parent":0,"menu_order":0,"comment_status":"open","ping_status":"open","template":"","meta":{"footnotes":"","_links_to":"","_links_to_target":""},"_links":{"self":[{"href":"http:\/\/www.servis-plus.hr\/v2\/index.php?rest_route=\/wp\/v2\/pages\/2940"}],"collection":[{"href":"http:\/\/www.servis-plus.hr\/v2\/index.php?rest_route=\/wp\/v2\/pages"}],"about":[{"href":"http:\/\/www.servis-plus.hr\/v2\/index.php?rest_route=\/wp\/v2\/types\/page"}],"author":[{"embeddable":true,"href":"http:\/\/www.servis-plus.hr\/v2\/index.php?rest_route=\/wp\/v2\/users\/1"}],"replies":[{"embeddable":true,"href":"http:\/\/www.servis-plus.hr\/v2\/index.php?rest_route=%2Fwp%2Fv2%2Fcomments&post=2940"}],"version-history":[{"count":8,"href":"http:\/\/www.servis-plus.hr\/v2\/index.php?rest_route=\/wp\/v2\/pages\/2940\/revisions"}],"predecessor-version":[{"id":2950,"href":"http:\/\/www.servis-plus.hr\/v2\/index.php?rest_route=\/wp\/v2\/pages\/2940\/revisions\/2950"}],"wp:attachment":[{"href":"http:\/\/www.servis-plus.hr\/v2\/index.php?rest_route=%2Fwp%2Fv2%2Fmedia&parent=2940"}],"curies":[{"name":"wp","href":"https:\/\/api.w.org\/{rel}","templated":true}]}}