{"id":3061,"date":"2012-10-24T13:06:37","date_gmt":"2012-10-24T11:06:37","guid":{"rendered":"http:\/\/servis-plus.hr\/v2\/?page_id=3061"},"modified":"2012-10-24T19:25:26","modified_gmt":"2012-10-24T17:25:26","slug":"software","status":"publish","type":"page","link":"http:\/\/www.servis-plus.hr\/v2\/?page_id=3061","title":{"rendered":"Software"},"content":{"rendered":"<div class=\"info-box\"><strong>SmartPOS<\/strong><\/div>\n<p>SmartPOS je tzv front office aplikacija za rad na naplatnom mjestu.<a href=\"http:\/\/servis-plus.hr\/v2\/wp-content\/uploads\/2012\/10\/SmartPOS_3D.png\"><img loading=\"lazy\" decoding=\"async\" class=\"size-full wp-image-3109 alignright\" title=\"SmartPOS_3D\" src=\"http:\/\/servis-plus.hr\/v2\/wp-content\/uploads\/2012\/10\/SmartPOS_3D.png\" alt=\"\" width=\"131\" height=\"150\" \/><\/a> Razvijana je tako da svojom jednostavno\u0161\u0107u ne iziskuje preveliko znanje rada na ra\u010dunalu. Podr\u017eava rad na standardnim ra\u010dunalima s CRT ili LCD monitorima, a punu funkcionalnost pokazuje u radu na zaslonima osjetljivima na dodir (touch-screen).<\/p>\n<p>SmartPOS korisnici u najkra\u0107em roku rije\u0161it \u0107e sve zahtjeve kupaca, izdati R1 ili virmanske ra\u010dune, odobriti konzumaciju bez naplate (reprezentacija), premjestiti konzumaciju sa stola na stol, djelomi\u010dno ili kompletno naplatiti ra\u010dun, izdati narud\u017ebu kuharu i sl. U ugostiteljskoj ina\u010dici u mogu\u0107nosti ste dodati dodatke uz jelo ili pi\u0107e, odabrati razli\u010dite izbore iz menu-a, dnevnih ponuda jela, a ukoliko ne\u0161to niste definirali u sustavu, ne brinite \u2013 SmartPOS je u mo\u0107nosti poslati narud\u017ebe kuharu i prstom napisane po zaslonu!<\/p>\n<p>&nbsp;<\/p>\n<p>&nbsp;<\/p>\n<div class=\"info-box\"><strong>SmartOFFICE<\/strong><\/div>\n<p><a href=\"http:\/\/servis-plus.hr\/v2\/wp-content\/uploads\/2012\/10\/SmartOFFICE_3D.png\"><img loading=\"lazy\" decoding=\"async\" class=\"alignright size-full wp-image-3114\" title=\"SmartOFFICE_3D\" src=\"http:\/\/servis-plus.hr\/v2\/wp-content\/uploads\/2012\/10\/SmartOFFICE_3D.png\" alt=\"\" width=\"150\" height=\"139\" \/><\/a><\/p>\n<p>SmartOFFICE je krovna aplikacija sustava SmartRje\u0161enja. Mo\u0107na aplikacija za centralni sustav Va\u0161ih podataka omogu\u0107ava Vam definiranje vrlo velikog broja razli\u010ditih opcija, definiranja arikala u ponudi, adresara kupaca i dobavlja\u010da, izrade svih potrebnih dokumenata, komunikaciju s centralnom bazom podataka, definiranje ovlasti rada, kao i znatan broj razli\u010ditih pregleda, grafi\u010dkih rezultata poslovanja i izvje\u0161taja koji \u0107e Vam pomo\u0107i u dono\u0161enju kvalitetnih poslovnih odluka u najbr\u017eem mogu\u0107em vremenu.<\/p>\n<p>Koriste\u0107i SmartOffice u mogu\u0107nosti ste pratiti realizaciju po svim mogu\u0107im parametrima, kupcima pa \u010dak i definirati vlastiti loyality program s razli\u010ditim cijenama ovisno o kupcima.<\/p>\n","protected":false},"excerpt":{"rendered":"<p>SmartPOS SmartPOS je tzv front office aplikacija za rad na naplatnom mjestu. Razvijana je tako da svojom jednostavno\u0161\u0107u ne iziskuje preveliko znanje rada na ra\u010dunalu. Podr\u017eava rad na standardnim ra\u010dunalima s CRT ili LCD monitorima, a punu funkcionalnost pokazuje u radu na zaslonima osjetljivima na dodir (touch-screen). SmartPOS korisnici u najkra\u0107em roku rije\u0161it \u0107e sve [&hellip;]<\/p>\n","protected":false},"author":1,"featured_media":0,"parent":3027,"menu_order":0,"comment_status":"open","ping_status":"open","template":"","meta":{"footnotes":"","_links_to":"","_links_to_target":""},"_links":{"self":[{"href":"http:\/\/www.servis-plus.hr\/v2\/index.php?rest_route=\/wp\/v2\/pages\/3061"}],"collection":[{"href":"http:\/\/www.servis-plus.hr\/v2\/index.php?rest_route=\/wp\/v2\/pages"}],"about":[{"href":"http:\/\/www.servis-plus.hr\/v2\/index.php?rest_route=\/wp\/v2\/types\/page"}],"author":[{"embeddable":true,"href":"http:\/\/www.servis-plus.hr\/v2\/index.php?rest_route=\/wp\/v2\/users\/1"}],"replies":[{"embeddable":true,"href":"http:\/\/www.servis-plus.hr\/v2\/index.php?rest_route=%2Fwp%2Fv2%2Fcomments&post=3061"}],"version-history":[{"count":16,"href":"http:\/\/www.servis-plus.hr\/v2\/index.php?rest_route=\/wp\/v2\/pages\/3061\/revisions"}],"predecessor-version":[{"id":3111,"href":"http:\/\/www.servis-plus.hr\/v2\/index.php?rest_route=\/wp\/v2\/pages\/3061\/revisions\/3111"}],"up":[{"embeddable":true,"href":"http:\/\/www.servis-plus.hr\/v2\/index.php?rest_route=\/wp\/v2\/pages\/3027"}],"wp:attachment":[{"href":"http:\/\/www.servis-plus.hr\/v2\/index.php?rest_route=%2Fwp%2Fv2%2Fmedia&parent=3061"}],"curies":[{"name":"wp","href":"https:\/\/api.w.org\/{rel}","templated":true}]}}