{"id":3122,"date":"2012-10-24T13:56:33","date_gmt":"2012-10-24T11:56:33","guid":{"rendered":"http:\/\/servis-plus.hr\/v2\/?page_id=3122"},"modified":"2012-10-24T19:10:08","modified_gmt":"2012-10-24T17:10:08","slug":"iz-tiska","status":"publish","type":"page","link":"http:\/\/www.servis-plus.hr\/v2\/?page_id=3122","title":{"rendered":"Iz medija"},"content":{"rendered":"<table style=\"background-color: #ffffff;\" width=\"500\" border=\"0\" cellspacing=\"0\" cellpadding=\"0\">\n<tbody>\n<tr>\n<td style=\"border: none;\" align=\"center\" width=\"50%\"><a href=\"http:\/\/liderpress.hr\/tvrtke-i-trzista\/poslovna-scena\/sto-sve-treba-znati-o-fisklanim-blagajnama\/\" target=\"_blank\"><strong>lider.hr:<\/strong> \u0160to sve treba znati o fiskalnim blagajnama<\/a><br \/>\n<a href=\"http:\/\/dnevnik.hr\/vijesti\/hrvatska\/sve-zemlje-regije-vec-uvele-fiskalne-blagajne-red-je-na-hrvatskoj.html\" target=\"_blank\"><strong>dnevnik.hr:<\/strong> Sve zemlje regije ve\u0107 uvele fiskalne blagajne,\u2026<\/a><br \/>\n<a href=\"http:\/\/koprivnica.net\/vijesti\/vijesti-pregled\/14570-Dr%C5%BEava-uvodi-fiskalne-blagajne-Kraj-utaji-poreza-ili-nepotreban-udar-na-poduzetnike\" target=\"_blank\"><strong>koprivnica.net:<\/strong> Dr\u017eava uvodi fiskalne blagajne<\/a><br \/>\n<a href=\"http:\/\/www.vecernji.hr\/biznis\/odsad-samo-racun-dolaze-fiskalne-blagajne-clanak-437926\" target=\"_blank\"><strong>vecernji.hr :<\/strong> Odsad samo uz ra\u010dun: dolaze fiskalne blagajne!<\/a><br \/>\n<a href=\"http:\/\/www.novilist.hr\/Vijesti\/Hrvatska\/Ne-zaboravite-uzeti-racun-u-kaficu%21-Kaznit-ce-vas-od-200-do-2.000-kuna\" target=\"_blank\"><strong>novilist.hr:<\/strong> Ne zaboravite uzeti ra\u010dun u kafi\u0107u! Kaznit \u0107e vas \u2026<\/a><br \/>\n<a href=\"http:\/\/www.jutarnji.hr\/uvodimo-poreznu-blagajnu-\/998494\/\" target=\"_blank\"><strong>jutarnji.hr:<\/strong> Lini\u0107 objavio rat utajiva\u010dima poreza<\/a><br \/>\n<a href=\"http:\/\/dnevnik.hr\/vijesti\/hrvatska\/odzvonilo-utajivacima-poreza-svaki-izdani-racun-automatski-se-biljezi-u-poreznoj.html\"><strong>dnevnik.hr:<\/strong> Nema vi\u0161e prijavljivanja la\u017enih prihoda!<\/a><\/td>\n<td style=\"border: none;\" align=\"center\" width=\"50%\"><a href=\"http:\/\/dnevnik.hr\/videoteka\/iz-dnevnika-obrtnici-i-ugostitelji-nespremni-za-fiskalne-blagajne.html\" target=\"_blank\"><strong>dnevnik.hr:<\/strong> Nespremni za fiskalne blagajne<\/a><br \/>\n<a href=\"http:\/\/fiskalne-blagajne.hr\/iz-medija\/dosao-kraj-prijavljivanju-laznih-prihoda\" target=\"_blank\"><strong>index.hr:<\/strong> Do\u0161ao kraj prijavljivanju la\u017enih prihoda<\/a><br \/>\n<a href=\"http:\/\/www.radio101.hr\/podcast.php?id=113992\" target=\"_blank\"><strong>radio101.hr:<\/strong> Fiskalne blagajne uvode se idu\u0107e godine.<\/a><br \/>\n<a href=\"http:\/\/www.glas-slavonije.hr\/171994\/7\/Nema-vise-izdavanja-racuna-bez-odobrenja-Porezne-uprave\" target=\"_blank\"><strong>glas-slavonije.com:<\/strong> Nema vi\u0161e izdavanja ra\u010duna bez odobrenja <\/a><br \/>\n<a href=\"http:\/\/www.24sata.hr\/pametnakuna\/ako-zaboravite-racun-mozete-platiti-kaznu-do-2000-kuna-276014\" target=\"_blank\"><strong>24sata.hr:<\/strong> Ako zaboravite ra\u010dun mo\u017eete platiti kaznu do 2000 kuna<\/a><br \/>\n<a href=\"http:\/\/dnevnik.hr\/vijesti\/hrvatska\/fiskalne-blagajne-zapinju-kada-su-u-pitanju-odvjetnici.html\"><strong>dnevnik.hr:<\/strong> Fiskalne blagajne zapinju kada su u pitanju odvjetnici<\/a><br \/>\n<a href=\"http:\/\/159.253.148.85\/vijesti\/clanak\/uhvate-li-vas-bez-racuna-platit-cete-kaznu-i-do-2000-kuna-za-prijavu-utaje-poreza-nagrada-od-500-kuna\/627930.aspx\" target=\"_blank\"><strong>index.hr:<\/strong> Uhvate li vas bez ra\u010duna\u2026<\/a><\/td>\n<\/tr>\n<\/tbody>\n<\/table>\n<div><\/div>\n","protected":false},"excerpt":{"rendered":"<p>lider.hr: \u0160to sve treba znati o fiskalnim blagajnama dnevnik.hr: Sve zemlje regije ve\u0107 uvele fiskalne blagajne,\u2026 koprivnica.net: Dr\u017eava uvodi fiskalne blagajne vecernji.hr : Odsad samo uz ra\u010dun: dolaze fiskalne blagajne! novilist.hr: Ne zaboravite uzeti ra\u010dun u kafi\u0107u! Kaznit \u0107e vas \u2026 jutarnji.hr: Lini\u0107 objavio rat utajiva\u010dima poreza dnevnik.hr: Nema vi\u0161e prijavljivanja la\u017enih prihoda! dnevnik.hr: Nespremni [&hellip;]<\/p>\n","protected":false},"author":1,"featured_media":0,"parent":3027,"menu_order":0,"comment_status":"open","ping_status":"open","template":"","meta":{"footnotes":"","_links_to":"","_links_to_target":""},"_links":{"self":[{"href":"http:\/\/www.servis-plus.hr\/v2\/index.php?rest_route=\/wp\/v2\/pages\/3122"}],"collection":[{"href":"http:\/\/www.servis-plus.hr\/v2\/index.php?rest_route=\/wp\/v2\/pages"}],"about":[{"href":"http:\/\/www.servis-plus.hr\/v2\/index.php?rest_route=\/wp\/v2\/types\/page"}],"author":[{"embeddable":true,"href":"http:\/\/www.servis-plus.hr\/v2\/index.php?rest_route=\/wp\/v2\/users\/1"}],"replies":[{"embeddable":true,"href":"http:\/\/www.servis-plus.hr\/v2\/index.php?rest_route=%2Fwp%2Fv2%2Fcomments&post=3122"}],"version-history":[{"count":12,"href":"http:\/\/www.servis-plus.hr\/v2\/index.php?rest_route=\/wp\/v2\/pages\/3122\/revisions"}],"predecessor-version":[{"id":3164,"href":"http:\/\/www.servis-plus.hr\/v2\/index.php?rest_route=\/wp\/v2\/pages\/3122\/revisions\/3164"}],"up":[{"embeddable":true,"href":"http:\/\/www.servis-plus.hr\/v2\/index.php?rest_route=\/wp\/v2\/pages\/3027"}],"wp:attachment":[{"href":"http:\/\/www.servis-plus.hr\/v2\/index.php?rest_route=%2Fwp%2Fv2%2Fmedia&parent=3122"}],"curies":[{"name":"wp","href":"https:\/\/api.w.org\/{rel}","templated":true}]}}